{"id":2533,"date":"2018-01-23T17:07:11","date_gmt":"2018-01-23T16:07:11","guid":{"rendered":"https:\/\/www.weinfreunde.de\/magazin\/?page_id=2533"},"modified":"2024-12-18T14:34:28","modified_gmt":"2024-12-18T13:34:28","slug":"marktsuche","status":"publish","type":"page","link":"https:\/\/www.weinfreunde.de\/magazin\/marktsuche\/","title":{"rendered":"Weinfreunde vor Ort"},"content":{"rendered":"<h2 style=\"text-align: center;\"><strong>Unsere Wein-Auswahl in deinem REWE Markt<\/strong><\/h2>\n<p style=\"font-weight: 400; text-align: center;\"><span data-ogsc=\"black\">Wir haben f\u00fcr dich unsere beliebtesten Weine ausgew\u00e4hlt, die jetzt auch in vielen REWE M\u00e4rkten zu finden sind.<\/span><\/p>\n<p style=\"font-weight: 400; text-align: center;\"><span data-ogsc=\"black\">Du erkennst unsere Weine am Sticker: \u201eEmpfohlen von Weinfreunde.de\u201c<\/span><\/p>\n<p style=\"font-weight: 400; text-align: center;\"><span data-ogsc=\"black\">Gib einfach im Suchfeld den gew\u00fcnschten Ort oder die Postleitzahl ein und anschlie\u00dfend zeigen wir, in welchen teilnehmenden REWE M\u00e4rkten du unsere beliebte Weinauswahl bereits finden kannst.<\/span><\/p>\n","protected":false},"excerpt":{"rendered":"<p>Unsere Wein-Auswahl in deinem REWE Markt Wir haben f\u00fcr dich unsere beliebtesten Weine ausgew\u00e4hlt, die jetzt auch in vielen REWE M\u00e4rkten zu finden sind. Du erkennst unsere Weine am Sticker: \u201eEmpfohlen von Weinfreunde.de\u201c Gib einfach im Suchfeld den gew\u00fcnschten Ort&#8230; <a class=\"moretag\" href=\"https:\/\/www.weinfreunde.de\/magazin\/marktsuche\/\">weiterlesen<\/a><\/p>\n","protected":false},"author":46,"featured_media":0,"parent":0,"menu_order":0,"comment_status":"closed","ping_status":"closed","template":"templates\/page-marktsuche.php","meta":{"footnotes":""},"class_list":["post-2533","page","type-page","status-publish","hentry"],"yoast_head":"<!-- This site is optimized with the Yoast SEO plugin v27.2 - https:\/\/yoast.com\/product\/yoast-seo-wordpress\/ -->\n<title>Weinfreunde Marktsuche | Weinfreunde Magazin<\/title>\n<meta name=\"description\" content=\"Hier findest du alle REWE M\u00e4rkte, die eine Auswahl an Weinen von Weinfreunde.de im Sortiment haben, sowie Informationen zum Weinfreunde Depot in Hamburg.\" \/>\n<meta name=\"robots\" content=\"index, follow, max-snippet:-1, max-image-preview:large, max-video-preview:-1\" \/>\n<link rel=\"canonical\" href=\"https:\/\/www.weinfreunde.de\/magazin\/marktsuche\/\" \/>\n<meta property=\"og:locale\" content=\"de_DE\" \/>\n<meta property=\"og:type\" content=\"article\" \/>\n<meta property=\"og:title\" content=\"Weinfreunde Marktsuche | Weinfreunde Magazin\" \/>\n<meta property=\"og:description\" content=\"Hier findest du alle REWE M\u00e4rkte, die eine Auswahl an Weinen von Weinfreunde.de im Sortiment haben, sowie Informationen zum Weinfreunde Depot in Hamburg.\" \/>\n<meta property=\"og:url\" content=\"https:\/\/www.weinfreunde.de\/magazin\/marktsuche\/\" \/>\n<meta property=\"og:site_name\" content=\"Weinfreunde Magazin\" \/>\n<meta property=\"article:publisher\" content=\"https:\/\/www.facebook.com\/weinfreunde.de\" \/>\n<meta property=\"article:modified_time\" content=\"2024-12-18T13:34:28+00:00\" \/>\n<meta name=\"twitter:card\" content=\"summary_large_image\" \/>\n<meta name=\"twitter:label1\" content=\"Est. reading time\" \/>\n\t<meta name=\"twitter:data1\" content=\"1\u00a0Minute\" \/>\n<script type=\"application\/ld+json\" class=\"yoast-schema-graph\">{\"@context\":\"https:\/\/schema.org\",\"@graph\":[{\"@type\":\"WebPage\",\"@id\":\"https:\/\/www.weinfreunde.de\/magazin\/marktsuche\/\",\"url\":\"https:\/\/www.weinfreunde.de\/magazin\/marktsuche\/\",\"name\":\"Weinfreunde Marktsuche | Weinfreunde Magazin\",\"isPartOf\":{\"@id\":\"https:\/\/www.weinfreunde.de\/magazin\/#website\"},\"datePublished\":\"2018-01-23T16:07:11+00:00\",\"dateModified\":\"2024-12-18T13:34:28+00:00\",\"description\":\"Hier findest du alle REWE M\u00e4rkte, die eine Auswahl an Weinen von Weinfreunde.de im Sortiment haben, sowie Informationen zum Weinfreunde Depot in Hamburg.\",\"breadcrumb\":{\"@id\":\"https:\/\/www.weinfreunde.de\/magazin\/marktsuche\/#breadcrumb\"},\"inLanguage\":\"de\",\"potentialAction\":[{\"@type\":\"ReadAction\",\"target\":[\"https:\/\/www.weinfreunde.de\/magazin\/marktsuche\/\"]}]},{\"@type\":\"BreadcrumbList\",\"@id\":\"https:\/\/www.weinfreunde.de\/magazin\/marktsuche\/#breadcrumb\",\"itemListElement\":[{\"@type\":\"ListItem\",\"position\":1,\"name\":\"Magazin\",\"item\":\"https:\/\/www.weinfreunde.de\/magazin\/\"},{\"@type\":\"ListItem\",\"position\":2,\"name\":\"Weinfreunde vor Ort\"}]},{\"@type\":\"WebSite\",\"@id\":\"https:\/\/www.weinfreunde.de\/magazin\/#website\",\"url\":\"https:\/\/www.weinfreunde.de\/magazin\/\",\"name\":\"Weinfreunde Magazin\",\"description\":\"Dein Weinfreunde Magazin\",\"publisher\":{\"@id\":\"https:\/\/www.weinfreunde.de\/magazin\/#organization\"},\"potentialAction\":[{\"@type\":\"SearchAction\",\"target\":{\"@type\":\"EntryPoint\",\"urlTemplate\":\"https:\/\/www.weinfreunde.de\/magazin\/?s={search_term_string}\"},\"query-input\":{\"@type\":\"PropertyValueSpecification\",\"valueRequired\":true,\"valueName\":\"search_term_string\"}}],\"inLanguage\":\"de\"},{\"@type\":\"Organization\",\"@id\":\"https:\/\/www.weinfreunde.de\/magazin\/#organization\",\"name\":\"REWE Wein online GmbH | Weinfreunde\",\"url\":\"https:\/\/www.weinfreunde.de\/magazin\/\",\"logo\":{\"@type\":\"ImageObject\",\"inLanguage\":\"de\",\"@id\":\"https:\/\/www.weinfreunde.de\/magazin\/#\/schema\/logo\/image\/\",\"url\":\"https:\/\/www.weinfreunde.de\/magazin\/wp-content\/uploads\/2019\/08\/WF_Logo_Vertikal_Claim_Schwarz-scaled.jpg.webp\",\"contentUrl\":\"https:\/\/www.weinfreunde.de\/magazin\/wp-content\/uploads\/2019\/08\/WF_Logo_Vertikal_Claim_Schwarz-scaled.jpg.webp\",\"width\":2048,\"height\":1241,\"caption\":\"REWE Wein online GmbH | Weinfreunde\"},\"image\":{\"@id\":\"https:\/\/www.weinfreunde.de\/magazin\/#\/schema\/logo\/image\/\"},\"sameAs\":[\"https:\/\/www.facebook.com\/weinfreunde.de\"]}]}<\/script>\n<!-- \/ Yoast SEO plugin. -->","yoast_head_json":{"title":"Weinfreunde Marktsuche | Weinfreunde Magazin","description":"Hier findest du alle REWE M\u00e4rkte, die eine Auswahl an Weinen von Weinfreunde.de im Sortiment haben, sowie Informationen zum Weinfreunde Depot in Hamburg.","robots":{"index":"index","follow":"follow","max-snippet":"max-snippet:-1","max-image-preview":"max-image-preview:large","max-video-preview":"max-video-preview:-1"},"canonical":"https:\/\/www.weinfreunde.de\/magazin\/marktsuche\/","og_locale":"de_DE","og_type":"article","og_title":"Weinfreunde Marktsuche | Weinfreunde Magazin","og_description":"Hier findest du alle REWE M\u00e4rkte, die eine Auswahl an Weinen von Weinfreunde.de im Sortiment haben, sowie Informationen zum Weinfreunde Depot in Hamburg.","og_url":"https:\/\/www.weinfreunde.de\/magazin\/marktsuche\/","og_site_name":"Weinfreunde Magazin","article_publisher":"https:\/\/www.facebook.com\/weinfreunde.de","article_modified_time":"2024-12-18T13:34:28+00:00","twitter_card":"summary_large_image","twitter_misc":{"Est. reading time":"1\u00a0Minute"},"schema":{"@context":"https:\/\/schema.org","@graph":[{"@type":"WebPage","@id":"https:\/\/www.weinfreunde.de\/magazin\/marktsuche\/","url":"https:\/\/www.weinfreunde.de\/magazin\/marktsuche\/","name":"Weinfreunde Marktsuche | Weinfreunde Magazin","isPartOf":{"@id":"https:\/\/www.weinfreunde.de\/magazin\/#website"},"datePublished":"2018-01-23T16:07:11+00:00","dateModified":"2024-12-18T13:34:28+00:00","description":"Hier findest du alle REWE M\u00e4rkte, die eine Auswahl an Weinen von Weinfreunde.de im Sortiment haben, sowie Informationen zum Weinfreunde Depot in Hamburg.","breadcrumb":{"@id":"https:\/\/www.weinfreunde.de\/magazin\/marktsuche\/#breadcrumb"},"inLanguage":"de","potentialAction":[{"@type":"ReadAction","target":["https:\/\/www.weinfreunde.de\/magazin\/marktsuche\/"]}]},{"@type":"BreadcrumbList","@id":"https:\/\/www.weinfreunde.de\/magazin\/marktsuche\/#breadcrumb","itemListElement":[{"@type":"ListItem","position":1,"name":"Magazin","item":"https:\/\/www.weinfreunde.de\/magazin\/"},{"@type":"ListItem","position":2,"name":"Weinfreunde vor Ort"}]},{"@type":"WebSite","@id":"https:\/\/www.weinfreunde.de\/magazin\/#website","url":"https:\/\/www.weinfreunde.de\/magazin\/","name":"Weinfreunde Magazin","description":"Dein Weinfreunde Magazin","publisher":{"@id":"https:\/\/www.weinfreunde.de\/magazin\/#organization"},"potentialAction":[{"@type":"SearchAction","target":{"@type":"EntryPoint","urlTemplate":"https:\/\/www.weinfreunde.de\/magazin\/?s={search_term_string}"},"query-input":{"@type":"PropertyValueSpecification","valueRequired":true,"valueName":"search_term_string"}}],"inLanguage":"de"},{"@type":"Organization","@id":"https:\/\/www.weinfreunde.de\/magazin\/#organization","name":"REWE Wein online GmbH | Weinfreunde","url":"https:\/\/www.weinfreunde.de\/magazin\/","logo":{"@type":"ImageObject","inLanguage":"de","@id":"https:\/\/www.weinfreunde.de\/magazin\/#\/schema\/logo\/image\/","url":"https:\/\/www.weinfreunde.de\/magazin\/wp-content\/uploads\/2019\/08\/WF_Logo_Vertikal_Claim_Schwarz-scaled.jpg.webp","contentUrl":"https:\/\/www.weinfreunde.de\/magazin\/wp-content\/uploads\/2019\/08\/WF_Logo_Vertikal_Claim_Schwarz-scaled.jpg.webp","width":2048,"height":1241,"caption":"REWE Wein online GmbH | Weinfreunde"},"image":{"@id":"https:\/\/www.weinfreunde.de\/magazin\/#\/schema\/logo\/image\/"},"sameAs":["https:\/\/www.facebook.com\/weinfreunde.de"]}]}},"_links":{"self":[{"href":"https:\/\/www.weinfreunde.de\/magazin\/wp-json\/wp\/v2\/pages\/2533","targetHints":{"allow":["GET"]}}],"collection":[{"href":"https:\/\/www.weinfreunde.de\/magazin\/wp-json\/wp\/v2\/pages"}],"about":[{"href":"https:\/\/www.weinfreunde.de\/magazin\/wp-json\/wp\/v2\/types\/page"}],"author":[{"embeddable":true,"href":"https:\/\/www.weinfreunde.de\/magazin\/wp-json\/wp\/v2\/users\/46"}],"replies":[{"embeddable":true,"href":"https:\/\/www.weinfreunde.de\/magazin\/wp-json\/wp\/v2\/comments?post=2533"}],"version-history":[{"count":64,"href":"https:\/\/www.weinfreunde.de\/magazin\/wp-json\/wp\/v2\/pages\/2533\/revisions"}],"predecessor-version":[{"id":13023,"href":"https:\/\/www.weinfreunde.de\/magazin\/wp-json\/wp\/v2\/pages\/2533\/revisions\/13023"}],"wp:attachment":[{"href":"https:\/\/www.weinfreunde.de\/magazin\/wp-json\/wp\/v2\/media?parent=2533"}],"curies":[{"name":"wp","href":"https:\/\/api.w.org\/{rel}","templated":true}]}}